{"id":22,"date":"2024-10-10T08:09:18","date_gmt":"2024-10-10T06:09:18","guid":{"rendered":"http:\/\/laurence.pascal-mir.fr\/?page_id=22"},"modified":"2024-11-14T18:19:54","modified_gmt":"2024-11-14T17:19:54","slug":"contact","status":"publish","type":"page","link":"https:\/\/www.therapiefamiliale-systemique.fr\/index.php\/contact\/","title":{"rendered":"Contact"},"content":{"rendered":"<div class=\"everest-forms\"><div class=\"evf-container default\" id=\"evf-35\"><form id=\"evf-form-35\" class=\"everest-form\" data-formid=\"35\" data-ajax_submission=\"0\" data-keyboard_friendly_form=\"0\" method=\"post\" enctype=\"multipart\/form-data\" action=\"\/index.php\/wp-json\/wp\/v2\/pages\/22\"><div class=\"evf-field-container\"><input type=\"hidden\" id=\"_wpnonce35\" name=\"_wpnonce35\" value=\"16ad5d61f2\" \/><input type=\"hidden\" name=\"_wp_http_referer\" value=\"\/index.php\/wp-json\/wp\/v2\/pages\/22\" \/><div class=\"evf-frontend-row\" data-row=\"row_1\" conditional_rules=\"[]\"><div class=\"evf-frontend-grid evf-grid-1\" data-grid=\"grid_1\"><div id=\"evf-35-field_fullname-container\" class=\"evf-field evf-field-text form-row validate-required\" data-required-field-message=\"Ce champ est n\u00e9cessaire.\" data-field-id=\"fullname\"><label class=\"evf-field-label\" for=\"evf-35-field_fullname\"><span class=\"evf-label\">Nom et pr\u00e9nom<\/span> <abbr class=\"required\" title=\"N\u00e9cessaire\">*<\/abbr><\/label><input type=\"text\" id=\"evf-35-field_fullname\" class=\"input-text\" name=\"everest_forms[form_fields][fullname]\" required><\/div><div id=\"evf-35-field_email-container\" class=\"evf-field evf-field-email form-row validate-required validate-email\" data-required-field-message=\"Veuillez entrer une adresse e-mail valide.\" data-field-id=\"email\"><label class=\"evf-field-label\" for=\"evf-35-field_email\"><span class=\"evf-label\">Adresse mail<\/span> <abbr class=\"required\" title=\"N\u00e9cessaire\">*<\/abbr><\/label><input type=\"email\" id=\"evf-35-field_email\" class=\"input-text\" name=\"everest_forms[form_fields][email]\" required ><\/div><div id=\"evf-35-field_WCh4tXJS6J-1-container\" class=\"evf-field evf-field-phone form-row validate-phone\" data-field-id=\"WCh4tXJS6J-1\"><label class=\"evf-field-label\" for=\"evf-35-field_WCh4tXJS6J-1\"><span class=\"evf-label\">Num\u00e9ro de t\u00e9l\u00e9phone<\/span> <\/label><input type=\"tel\" id=\"evf-35-field_WCh4tXJS6J-1\" class=\"input-text evf-smart-phone-field\" data-rule-smart-phone-field=\"true\" name=\"everest_forms[form_fields][WCh4tXJS6J-1]\" ><\/div><div id=\"evf-35-field_subject-container\" class=\"evf-field evf-field-text form-row validate-required\" data-required-field-message=\"Ce champ est n\u00e9cessaire.\" data-field-id=\"subject\"><label class=\"evf-field-label\" for=\"evf-35-field_subject\"><span class=\"evf-label\">Objet<\/span> <abbr class=\"required\" title=\"N\u00e9cessaire\">*<\/abbr><\/label><input type=\"text\" id=\"evf-35-field_subject\" class=\"input-text\" name=\"everest_forms[form_fields][subject]\" required><\/div><div id=\"evf-35-field_message-container\" class=\"evf-field evf-field-textarea form-row\" data-field-id=\"message\"><label class=\"evf-field-label\" for=\"evf-35-field_message\"><span class=\"evf-label\">Message<\/span> <\/label><textarea id=\"evf-35-field_message\" class=\"input-text\" name=\"everest_forms[form_fields][message]\"  ><\/textarea><\/div><\/div><\/div><\/div><div class=\"evf-honeypot-container evf-field-hp\"><label for=\"evf-35-field-hp\" class=\"evf-field-label\">Comment<\/label><input type=\"text\" name=\"everest_forms[hp]\" id=\"evf-35-field-hp\" class=\"input-text\"><\/div><div class=\"evf-submit-container \" ><input type=\"hidden\" name=\"everest_forms[id]\" value=\"35\"><input type=\"hidden\" name=\"everest_forms[author]\" value=\"1\"><button type='submit' name='everest_forms[submit]' class='everest-forms-submit-button button evf-submit ' id='evf-submit-35' value='evf-submit' data-process-text=\"En traitement\u2026\" conditional_rules='&quot;&quot;' conditional_id='evf-submit-35'  id=\"evf-submit-35\" aria-live=\"assertive\">Valider<\/button><\/div><\/form><\/div><!-- .evf-container --><\/div>\n\n\n\n<p><\/p>\n","protected":false},"excerpt":{"rendered":"","protected":false},"author":1,"featured_media":604,"parent":0,"menu_order":0,"comment_status":"closed","ping_status":"closed","template":"","meta":{"footnotes":""},"class_list":["post-22","page","type-page","status-publish","has-post-thumbnail","hentry"],"yoast_head":"<!-- This site is optimized with the Yoast SEO plugin v26.2 - https:\/\/yoast.com\/wordpress\/plugins\/seo\/ -->\n<title>Contact - Laurence RAVASINI<\/title>\n<meta name=\"robots\" content=\"index, follow, max-snippet:-1, max-image-preview:large, max-video-preview:-1\" \/>\n<link rel=\"canonical\" href=\"https:\/\/www.therapiefamiliale-systemique.fr\/index.php\/contact\/\" \/>\n<meta property=\"og:locale\" content=\"fr_FR\" \/>\n<meta property=\"og:type\" content=\"article\" \/>\n<meta property=\"og:title\" content=\"Contact - Laurence RAVASINI\" \/>\n<meta property=\"og:url\" content=\"https:\/\/www.therapiefamiliale-systemique.fr\/index.php\/contact\/\" \/>\n<meta property=\"og:site_name\" content=\"Laurence RAVASINI\" \/>\n<meta property=\"article:modified_time\" content=\"2024-11-14T17:19:54+00:00\" \/>\n<meta property=\"og:image\" content=\"https:\/\/www.therapiefamiliale-systemique.fr\/wp-content\/uploads\/2024\/11\/Contact.jpeg\" \/>\n\t<meta property=\"og:image:width\" content=\"1280\" \/>\n\t<meta property=\"og:image:height\" content=\"907\" \/>\n\t<meta property=\"og:image:type\" content=\"image\/jpeg\" \/>\n<meta name=\"twitter:card\" content=\"summary_large_image\" \/>\n<script type=\"application\/ld+json\" class=\"yoast-schema-graph\">{\"@context\":\"https:\/\/schema.org\",\"@graph\":[{\"@type\":\"WebPage\",\"@id\":\"https:\/\/www.therapiefamiliale-systemique.fr\/index.php\/contact\/\",\"url\":\"https:\/\/www.therapiefamiliale-systemique.fr\/index.php\/contact\/\",\"name\":\"Contact - Laurence RAVASINI\",\"isPartOf\":{\"@id\":\"https:\/\/www.therapiefamiliale-systemique.fr\/#website\"},\"primaryImageOfPage\":{\"@id\":\"https:\/\/www.therapiefamiliale-systemique.fr\/index.php\/contact\/#primaryimage\"},\"image\":{\"@id\":\"https:\/\/www.therapiefamiliale-systemique.fr\/index.php\/contact\/#primaryimage\"},\"thumbnailUrl\":\"https:\/\/www.therapiefamiliale-systemique.fr\/wp-content\/uploads\/2024\/11\/Contact.jpeg\",\"datePublished\":\"2024-10-10T06:09:18+00:00\",\"dateModified\":\"2024-11-14T17:19:54+00:00\",\"breadcrumb\":{\"@id\":\"https:\/\/www.therapiefamiliale-systemique.fr\/index.php\/contact\/#breadcrumb\"},\"inLanguage\":\"fr-FR\",\"potentialAction\":[{\"@type\":\"ReadAction\",\"target\":[\"https:\/\/www.therapiefamiliale-systemique.fr\/index.php\/contact\/\"]}]},{\"@type\":\"ImageObject\",\"inLanguage\":\"fr-FR\",\"@id\":\"https:\/\/www.therapiefamiliale-systemique.fr\/index.php\/contact\/#primaryimage\",\"url\":\"https:\/\/www.therapiefamiliale-systemique.fr\/wp-content\/uploads\/2024\/11\/Contact.jpeg\",\"contentUrl\":\"https:\/\/www.therapiefamiliale-systemique.fr\/wp-content\/uploads\/2024\/11\/Contact.jpeg\",\"width\":1280,\"height\":907},{\"@type\":\"BreadcrumbList\",\"@id\":\"https:\/\/www.therapiefamiliale-systemique.fr\/index.php\/contact\/#breadcrumb\",\"itemListElement\":[{\"@type\":\"ListItem\",\"position\":1,\"name\":\"Accueil\",\"item\":\"https:\/\/www.therapiefamiliale-systemique.fr\/\"},{\"@type\":\"ListItem\",\"position\":2,\"name\":\"Contact\"}]},{\"@type\":\"WebSite\",\"@id\":\"https:\/\/www.therapiefamiliale-systemique.fr\/#website\",\"url\":\"https:\/\/www.therapiefamiliale-systemique.fr\/\",\"name\":\"Laurence RAVASINI\",\"description\":\"Th\u00e9rapeute familiale et du couple\",\"publisher\":{\"@id\":\"https:\/\/www.therapiefamiliale-systemique.fr\/#organization\"},\"potentialAction\":[{\"@type\":\"SearchAction\",\"target\":{\"@type\":\"EntryPoint\",\"urlTemplate\":\"https:\/\/www.therapiefamiliale-systemique.fr\/?s={search_term_string}\"},\"query-input\":{\"@type\":\"PropertyValueSpecification\",\"valueRequired\":true,\"valueName\":\"search_term_string\"}}],\"inLanguage\":\"fr-FR\"},{\"@type\":\"Organization\",\"@id\":\"https:\/\/www.therapiefamiliale-systemique.fr\/#organization\",\"name\":\"Laurence RAVASINI\",\"url\":\"https:\/\/www.therapiefamiliale-systemique.fr\/\",\"logo\":{\"@type\":\"ImageObject\",\"inLanguage\":\"fr-FR\",\"@id\":\"https:\/\/www.therapiefamiliale-systemique.fr\/#\/schema\/logo\/image\/\",\"url\":\"https:\/\/www.therapiefamiliale-systemique.fr\/wp-content\/uploads\/2024\/10\/logo_180x180.png\",\"contentUrl\":\"https:\/\/www.therapiefamiliale-systemique.fr\/wp-content\/uploads\/2024\/10\/logo_180x180.png\",\"width\":180,\"height\":181,\"caption\":\"Laurence RAVASINI\"},\"image\":{\"@id\":\"https:\/\/www.therapiefamiliale-systemique.fr\/#\/schema\/logo\/image\/\"}}]}<\/script>\n<!-- \/ Yoast SEO plugin. -->","yoast_head_json":{"title":"Contact - Laurence RAVASINI","robots":{"index":"index","follow":"follow","max-snippet":"max-snippet:-1","max-image-preview":"max-image-preview:large","max-video-preview":"max-video-preview:-1"},"canonical":"https:\/\/www.therapiefamiliale-systemique.fr\/index.php\/contact\/","og_locale":"fr_FR","og_type":"article","og_title":"Contact - Laurence RAVASINI","og_url":"https:\/\/www.therapiefamiliale-systemique.fr\/index.php\/contact\/","og_site_name":"Laurence RAVASINI","article_modified_time":"2024-11-14T17:19:54+00:00","og_image":[{"width":1280,"height":907,"url":"https:\/\/www.therapiefamiliale-systemique.fr\/wp-content\/uploads\/2024\/11\/Contact.jpeg","type":"image\/jpeg"}],"twitter_card":"summary_large_image","schema":{"@context":"https:\/\/schema.org","@graph":[{"@type":"WebPage","@id":"https:\/\/www.therapiefamiliale-systemique.fr\/index.php\/contact\/","url":"https:\/\/www.therapiefamiliale-systemique.fr\/index.php\/contact\/","name":"Contact - Laurence RAVASINI","isPartOf":{"@id":"https:\/\/www.therapiefamiliale-systemique.fr\/#website"},"primaryImageOfPage":{"@id":"https:\/\/www.therapiefamiliale-systemique.fr\/index.php\/contact\/#primaryimage"},"image":{"@id":"https:\/\/www.therapiefamiliale-systemique.fr\/index.php\/contact\/#primaryimage"},"thumbnailUrl":"https:\/\/www.therapiefamiliale-systemique.fr\/wp-content\/uploads\/2024\/11\/Contact.jpeg","datePublished":"2024-10-10T06:09:18+00:00","dateModified":"2024-11-14T17:19:54+00:00","breadcrumb":{"@id":"https:\/\/www.therapiefamiliale-systemique.fr\/index.php\/contact\/#breadcrumb"},"inLanguage":"fr-FR","potentialAction":[{"@type":"ReadAction","target":["https:\/\/www.therapiefamiliale-systemique.fr\/index.php\/contact\/"]}]},{"@type":"ImageObject","inLanguage":"fr-FR","@id":"https:\/\/www.therapiefamiliale-systemique.fr\/index.php\/contact\/#primaryimage","url":"https:\/\/www.therapiefamiliale-systemique.fr\/wp-content\/uploads\/2024\/11\/Contact.jpeg","contentUrl":"https:\/\/www.therapiefamiliale-systemique.fr\/wp-content\/uploads\/2024\/11\/Contact.jpeg","width":1280,"height":907},{"@type":"BreadcrumbList","@id":"https:\/\/www.therapiefamiliale-systemique.fr\/index.php\/contact\/#breadcrumb","itemListElement":[{"@type":"ListItem","position":1,"name":"Accueil","item":"https:\/\/www.therapiefamiliale-systemique.fr\/"},{"@type":"ListItem","position":2,"name":"Contact"}]},{"@type":"WebSite","@id":"https:\/\/www.therapiefamiliale-systemique.fr\/#website","url":"https:\/\/www.therapiefamiliale-systemique.fr\/","name":"Laurence RAVASINI","description":"Th\u00e9rapeute familiale et du couple","publisher":{"@id":"https:\/\/www.therapiefamiliale-systemique.fr\/#organization"},"potentialAction":[{"@type":"SearchAction","target":{"@type":"EntryPoint","urlTemplate":"https:\/\/www.therapiefamiliale-systemique.fr\/?s={search_term_string}"},"query-input":{"@type":"PropertyValueSpecification","valueRequired":true,"valueName":"search_term_string"}}],"inLanguage":"fr-FR"},{"@type":"Organization","@id":"https:\/\/www.therapiefamiliale-systemique.fr\/#organization","name":"Laurence RAVASINI","url":"https:\/\/www.therapiefamiliale-systemique.fr\/","logo":{"@type":"ImageObject","inLanguage":"fr-FR","@id":"https:\/\/www.therapiefamiliale-systemique.fr\/#\/schema\/logo\/image\/","url":"https:\/\/www.therapiefamiliale-systemique.fr\/wp-content\/uploads\/2024\/10\/logo_180x180.png","contentUrl":"https:\/\/www.therapiefamiliale-systemique.fr\/wp-content\/uploads\/2024\/10\/logo_180x180.png","width":180,"height":181,"caption":"Laurence RAVASINI"},"image":{"@id":"https:\/\/www.therapiefamiliale-systemique.fr\/#\/schema\/logo\/image\/"}}]}},"_links":{"self":[{"href":"https:\/\/www.therapiefamiliale-systemique.fr\/index.php\/wp-json\/wp\/v2\/pages\/22","targetHints":{"allow":["GET"]}}],"collection":[{"href":"https:\/\/www.therapiefamiliale-systemique.fr\/index.php\/wp-json\/wp\/v2\/pages"}],"about":[{"href":"https:\/\/www.therapiefamiliale-systemique.fr\/index.php\/wp-json\/wp\/v2\/types\/page"}],"author":[{"embeddable":true,"href":"https:\/\/www.therapiefamiliale-systemique.fr\/index.php\/wp-json\/wp\/v2\/users\/1"}],"replies":[{"embeddable":true,"href":"https:\/\/www.therapiefamiliale-systemique.fr\/index.php\/wp-json\/wp\/v2\/comments?post=22"}],"version-history":[{"count":4,"href":"https:\/\/www.therapiefamiliale-systemique.fr\/index.php\/wp-json\/wp\/v2\/pages\/22\/revisions"}],"predecessor-version":[{"id":609,"href":"https:\/\/www.therapiefamiliale-systemique.fr\/index.php\/wp-json\/wp\/v2\/pages\/22\/revisions\/609"}],"wp:featuredmedia":[{"embeddable":true,"href":"https:\/\/www.therapiefamiliale-systemique.fr\/index.php\/wp-json\/wp\/v2\/media\/604"}],"wp:attachment":[{"href":"https:\/\/www.therapiefamiliale-systemique.fr\/index.php\/wp-json\/wp\/v2\/media?parent=22"}],"curies":[{"name":"wp","href":"https:\/\/api.w.org\/{rel}","templated":true}]}}