{"id":390,"date":"2019-04-09T09:01:20","date_gmt":"2019-04-09T09:01:20","guid":{"rendered":"http:\/\/dandelion-lion.w5.wpsandbox.pro\/?page_id=390"},"modified":"2024-11-14T15:37:29","modified_gmt":"2024-11-14T14:37:29","slug":"privacy-policy","status":"publish","type":"page","link":"https:\/\/www.therapiefamiliale-systemique.fr\/index.php\/privacy-policy\/","title":{"rendered":"A propos"},"content":{"rendered":"\n<p>Je m&rsquo;appelle Laurence Ravasini, et je suis assistante sociale depuis 19 ans. Durant ma carri\u00e8re, j&rsquo;ai eu la chance d&rsquo;accompagner des personnes, des familles et des enfants confront\u00e9s \u00e0 diff\u00e9rentes situations difficiles.<\/p>\n\n\n\n<p>Afin d&rsquo;am\u00e9liorer mes comp\u00e9tences, j&rsquo;ai suivi une formation de quatre ans en th\u00e9rapie familiale et de couple, bas\u00e9e sur l&rsquo;approche syst\u00e9mique. Cette approche consiste \u00e0 regarder les probl\u00e8mes non seulement sous l&rsquo;angle individuel, mais aussi dans le contexte des relations et de l&rsquo;environnement des personnes (famille, couple, groupe social, etc.).<\/p>\n\n\n\n<p>Aujourd&rsquo;hui, j&rsquo;utilise cette double expertise pour offrir un soutien \u00e0 la fois social et th\u00e9rapeutique. Mon objectif est de cr\u00e9er un espace o\u00f9 chacun peut mieux comprendre sa situation et amorcer des changements positifs. L&rsquo;approche syst\u00e9mique permet d&rsquo;appr\u00e9hender les relations humaines dans leur globalit\u00e9 et d&rsquo;aider les personnes \u00e0 \u00e9voluer au sein de leurs interactions.<\/p>\n\n\n\n<h3 class=\"wp-block-heading\"><strong>Pourquoi choisir l&rsquo;approche syst\u00e9mique ?<\/strong><\/h3>\n\n\n\n<ul class=\"wp-block-list\">\n<li><strong>L\u2019approche syst\u00e9mique<\/strong>, contrairement \u00e0 une th\u00e9rapie centr\u00e9e uniquement sur l\u2019individu, consid\u00e8re que\u00a0<strong>chaque personne<\/strong>\u00a0\u00e9volue dans plusieurs syst\u00e8mes interconnect\u00e9s (couple, famille, travail, soci\u00e9t\u00e9).<\/li>\n\n\n\n<li>Cette m\u00e9thode permet de mieux comprendre les\u00a0<strong>interactions<\/strong>\u00a0et les\u00a0<strong>comportements<\/strong>\u00a0en examinant le contexte relationnel global.<\/li>\n\n\n\n<li>Elle est particuli\u00e8rement efficace pour les situations o\u00f9 plusieurs personnes sont impliqu\u00e9es dans un conflit ou une difficult\u00e9 commune.<\/li>\n<\/ul>\n\n\n\n<p><\/p>\n","protected":false},"excerpt":{"rendered":"<p>Je m&rsquo;appelle Laurence Ravasini, et je suis assistante sociale depuis 19 ans. Durant ma carri\u00e8re, j&rsquo;ai eu la chance d&rsquo;accompagner des personnes, des familles et des enfants confront\u00e9s \u00e0 diff\u00e9rentes &hellip; <\/p>\n","protected":false},"author":1,"featured_media":541,"parent":0,"menu_order":0,"comment_status":"closed","ping_status":"closed","template":"","meta":{"footnotes":""},"class_list":["post-390","page","type-page","status-publish","has-post-thumbnail","hentry"],"yoast_head":"<!-- This site is optimized with the Yoast SEO plugin v26.2 - https:\/\/yoast.com\/wordpress\/plugins\/seo\/ -->\n<title>A propos - Laurence RAVASINI<\/title>\n<meta name=\"robots\" content=\"index, follow, max-snippet:-1, max-image-preview:large, max-video-preview:-1\" \/>\n<link rel=\"canonical\" href=\"https:\/\/www.therapiefamiliale-systemique.fr\/index.php\/privacy-policy\/\" \/>\n<meta property=\"og:locale\" content=\"fr_FR\" \/>\n<meta property=\"og:type\" content=\"article\" \/>\n<meta property=\"og:title\" content=\"A propos - Laurence RAVASINI\" \/>\n<meta property=\"og:description\" content=\"Je m&rsquo;appelle Laurence Ravasini, et je suis assistante sociale depuis 19 ans. Durant ma carri\u00e8re, j&rsquo;ai eu la chance d&rsquo;accompagner des personnes, des familles et des enfants confront\u00e9s \u00e0 diff\u00e9rentes &hellip;\" \/>\n<meta property=\"og:url\" content=\"https:\/\/www.therapiefamiliale-systemique.fr\/index.php\/privacy-policy\/\" \/>\n<meta property=\"og:site_name\" content=\"Laurence RAVASINI\" \/>\n<meta property=\"article:modified_time\" content=\"2024-11-14T14:37:29+00:00\" \/>\n<meta property=\"og:image\" content=\"https:\/\/www.therapiefamiliale-systemique.fr\/wp-content\/uploads\/2024\/11\/APropos.jpeg\" \/>\n\t<meta property=\"og:image:width\" content=\"1280\" \/>\n\t<meta property=\"og:image:height\" content=\"1251\" \/>\n\t<meta property=\"og:image:type\" content=\"image\/jpeg\" \/>\n<meta name=\"twitter:card\" content=\"summary_large_image\" \/>\n<meta name=\"twitter:label1\" content=\"Dur\u00e9e de lecture estim\u00e9e\" \/>\n\t<meta name=\"twitter:data1\" content=\"1 minute\" \/>\n<script type=\"application\/ld+json\" class=\"yoast-schema-graph\">{\"@context\":\"https:\/\/schema.org\",\"@graph\":[{\"@type\":\"WebPage\",\"@id\":\"https:\/\/www.therapiefamiliale-systemique.fr\/index.php\/privacy-policy\/\",\"url\":\"https:\/\/www.therapiefamiliale-systemique.fr\/index.php\/privacy-policy\/\",\"name\":\"A propos - Laurence RAVASINI\",\"isPartOf\":{\"@id\":\"https:\/\/www.therapiefamiliale-systemique.fr\/#website\"},\"primaryImageOfPage\":{\"@id\":\"https:\/\/www.therapiefamiliale-systemique.fr\/index.php\/privacy-policy\/#primaryimage\"},\"image\":{\"@id\":\"https:\/\/www.therapiefamiliale-systemique.fr\/index.php\/privacy-policy\/#primaryimage\"},\"thumbnailUrl\":\"https:\/\/www.therapiefamiliale-systemique.fr\/wp-content\/uploads\/2024\/11\/APropos.jpeg\",\"datePublished\":\"2019-04-09T09:01:20+00:00\",\"dateModified\":\"2024-11-14T14:37:29+00:00\",\"breadcrumb\":{\"@id\":\"https:\/\/www.therapiefamiliale-systemique.fr\/index.php\/privacy-policy\/#breadcrumb\"},\"inLanguage\":\"fr-FR\",\"potentialAction\":[{\"@type\":\"ReadAction\",\"target\":[\"https:\/\/www.therapiefamiliale-systemique.fr\/index.php\/privacy-policy\/\"]}]},{\"@type\":\"ImageObject\",\"inLanguage\":\"fr-FR\",\"@id\":\"https:\/\/www.therapiefamiliale-systemique.fr\/index.php\/privacy-policy\/#primaryimage\",\"url\":\"https:\/\/www.therapiefamiliale-systemique.fr\/wp-content\/uploads\/2024\/11\/APropos.jpeg\",\"contentUrl\":\"https:\/\/www.therapiefamiliale-systemique.fr\/wp-content\/uploads\/2024\/11\/APropos.jpeg\",\"width\":1280,\"height\":1251},{\"@type\":\"BreadcrumbList\",\"@id\":\"https:\/\/www.therapiefamiliale-systemique.fr\/index.php\/privacy-policy\/#breadcrumb\",\"itemListElement\":[{\"@type\":\"ListItem\",\"position\":1,\"name\":\"Accueil\",\"item\":\"https:\/\/www.therapiefamiliale-systemique.fr\/\"},{\"@type\":\"ListItem\",\"position\":2,\"name\":\"A propos\"}]},{\"@type\":\"WebSite\",\"@id\":\"https:\/\/www.therapiefamiliale-systemique.fr\/#website\",\"url\":\"https:\/\/www.therapiefamiliale-systemique.fr\/\",\"name\":\"Laurence RAVASINI\",\"description\":\"Th\u00e9rapeute familiale et du couple\",\"publisher\":{\"@id\":\"https:\/\/www.therapiefamiliale-systemique.fr\/#organization\"},\"potentialAction\":[{\"@type\":\"SearchAction\",\"target\":{\"@type\":\"EntryPoint\",\"urlTemplate\":\"https:\/\/www.therapiefamiliale-systemique.fr\/?s={search_term_string}\"},\"query-input\":{\"@type\":\"PropertyValueSpecification\",\"valueRequired\":true,\"valueName\":\"search_term_string\"}}],\"inLanguage\":\"fr-FR\"},{\"@type\":\"Organization\",\"@id\":\"https:\/\/www.therapiefamiliale-systemique.fr\/#organization\",\"name\":\"Laurence RAVASINI\",\"url\":\"https:\/\/www.therapiefamiliale-systemique.fr\/\",\"logo\":{\"@type\":\"ImageObject\",\"inLanguage\":\"fr-FR\",\"@id\":\"https:\/\/www.therapiefamiliale-systemique.fr\/#\/schema\/logo\/image\/\",\"url\":\"https:\/\/www.therapiefamiliale-systemique.fr\/wp-content\/uploads\/2024\/10\/logo_180x180.png\",\"contentUrl\":\"https:\/\/www.therapiefamiliale-systemique.fr\/wp-content\/uploads\/2024\/10\/logo_180x180.png\",\"width\":180,\"height\":181,\"caption\":\"Laurence RAVASINI\"},\"image\":{\"@id\":\"https:\/\/www.therapiefamiliale-systemique.fr\/#\/schema\/logo\/image\/\"}}]}<\/script>\n<!-- \/ Yoast SEO plugin. -->","yoast_head_json":{"title":"A propos - Laurence RAVASINI","robots":{"index":"index","follow":"follow","max-snippet":"max-snippet:-1","max-image-preview":"max-image-preview:large","max-video-preview":"max-video-preview:-1"},"canonical":"https:\/\/www.therapiefamiliale-systemique.fr\/index.php\/privacy-policy\/","og_locale":"fr_FR","og_type":"article","og_title":"A propos - Laurence RAVASINI","og_description":"Je m&rsquo;appelle Laurence Ravasini, et je suis assistante sociale depuis 19 ans. Durant ma carri\u00e8re, j&rsquo;ai eu la chance d&rsquo;accompagner des personnes, des familles et des enfants confront\u00e9s \u00e0 diff\u00e9rentes &hellip;","og_url":"https:\/\/www.therapiefamiliale-systemique.fr\/index.php\/privacy-policy\/","og_site_name":"Laurence RAVASINI","article_modified_time":"2024-11-14T14:37:29+00:00","og_image":[{"width":1280,"height":1251,"url":"https:\/\/www.therapiefamiliale-systemique.fr\/wp-content\/uploads\/2024\/11\/APropos.jpeg","type":"image\/jpeg"}],"twitter_card":"summary_large_image","twitter_misc":{"Dur\u00e9e de lecture estim\u00e9e":"1 minute"},"schema":{"@context":"https:\/\/schema.org","@graph":[{"@type":"WebPage","@id":"https:\/\/www.therapiefamiliale-systemique.fr\/index.php\/privacy-policy\/","url":"https:\/\/www.therapiefamiliale-systemique.fr\/index.php\/privacy-policy\/","name":"A propos - Laurence RAVASINI","isPartOf":{"@id":"https:\/\/www.therapiefamiliale-systemique.fr\/#website"},"primaryImageOfPage":{"@id":"https:\/\/www.therapiefamiliale-systemique.fr\/index.php\/privacy-policy\/#primaryimage"},"image":{"@id":"https:\/\/www.therapiefamiliale-systemique.fr\/index.php\/privacy-policy\/#primaryimage"},"thumbnailUrl":"https:\/\/www.therapiefamiliale-systemique.fr\/wp-content\/uploads\/2024\/11\/APropos.jpeg","datePublished":"2019-04-09T09:01:20+00:00","dateModified":"2024-11-14T14:37:29+00:00","breadcrumb":{"@id":"https:\/\/www.therapiefamiliale-systemique.fr\/index.php\/privacy-policy\/#breadcrumb"},"inLanguage":"fr-FR","potentialAction":[{"@type":"ReadAction","target":["https:\/\/www.therapiefamiliale-systemique.fr\/index.php\/privacy-policy\/"]}]},{"@type":"ImageObject","inLanguage":"fr-FR","@id":"https:\/\/www.therapiefamiliale-systemique.fr\/index.php\/privacy-policy\/#primaryimage","url":"https:\/\/www.therapiefamiliale-systemique.fr\/wp-content\/uploads\/2024\/11\/APropos.jpeg","contentUrl":"https:\/\/www.therapiefamiliale-systemique.fr\/wp-content\/uploads\/2024\/11\/APropos.jpeg","width":1280,"height":1251},{"@type":"BreadcrumbList","@id":"https:\/\/www.therapiefamiliale-systemique.fr\/index.php\/privacy-policy\/#breadcrumb","itemListElement":[{"@type":"ListItem","position":1,"name":"Accueil","item":"https:\/\/www.therapiefamiliale-systemique.fr\/"},{"@type":"ListItem","position":2,"name":"A propos"}]},{"@type":"WebSite","@id":"https:\/\/www.therapiefamiliale-systemique.fr\/#website","url":"https:\/\/www.therapiefamiliale-systemique.fr\/","name":"Laurence RAVASINI","description":"Th\u00e9rapeute familiale et du couple","publisher":{"@id":"https:\/\/www.therapiefamiliale-systemique.fr\/#organization"},"potentialAction":[{"@type":"SearchAction","target":{"@type":"EntryPoint","urlTemplate":"https:\/\/www.therapiefamiliale-systemique.fr\/?s={search_term_string}"},"query-input":{"@type":"PropertyValueSpecification","valueRequired":true,"valueName":"search_term_string"}}],"inLanguage":"fr-FR"},{"@type":"Organization","@id":"https:\/\/www.therapiefamiliale-systemique.fr\/#organization","name":"Laurence RAVASINI","url":"https:\/\/www.therapiefamiliale-systemique.fr\/","logo":{"@type":"ImageObject","inLanguage":"fr-FR","@id":"https:\/\/www.therapiefamiliale-systemique.fr\/#\/schema\/logo\/image\/","url":"https:\/\/www.therapiefamiliale-systemique.fr\/wp-content\/uploads\/2024\/10\/logo_180x180.png","contentUrl":"https:\/\/www.therapiefamiliale-systemique.fr\/wp-content\/uploads\/2024\/10\/logo_180x180.png","width":180,"height":181,"caption":"Laurence RAVASINI"},"image":{"@id":"https:\/\/www.therapiefamiliale-systemique.fr\/#\/schema\/logo\/image\/"}}]}},"_links":{"self":[{"href":"https:\/\/www.therapiefamiliale-systemique.fr\/index.php\/wp-json\/wp\/v2\/pages\/390","targetHints":{"allow":["GET"]}}],"collection":[{"href":"https:\/\/www.therapiefamiliale-systemique.fr\/index.php\/wp-json\/wp\/v2\/pages"}],"about":[{"href":"https:\/\/www.therapiefamiliale-systemique.fr\/index.php\/wp-json\/wp\/v2\/types\/page"}],"author":[{"embeddable":true,"href":"https:\/\/www.therapiefamiliale-systemique.fr\/index.php\/wp-json\/wp\/v2\/users\/1"}],"replies":[{"embeddable":true,"href":"https:\/\/www.therapiefamiliale-systemique.fr\/index.php\/wp-json\/wp\/v2\/comments?post=390"}],"version-history":[{"count":1,"href":"https:\/\/www.therapiefamiliale-systemique.fr\/index.php\/wp-json\/wp\/v2\/pages\/390\/revisions"}],"predecessor-version":[{"id":507,"href":"https:\/\/www.therapiefamiliale-systemique.fr\/index.php\/wp-json\/wp\/v2\/pages\/390\/revisions\/507"}],"wp:featuredmedia":[{"embeddable":true,"href":"https:\/\/www.therapiefamiliale-systemique.fr\/index.php\/wp-json\/wp\/v2\/media\/541"}],"wp:attachment":[{"href":"https:\/\/www.therapiefamiliale-systemique.fr\/index.php\/wp-json\/wp\/v2\/media?parent=390"}],"curies":[{"name":"wp","href":"https:\/\/api.w.org\/{rel}","templated":true}]}}